{"id":395,"date":"2025-02-03T08:02:39","date_gmt":"2025-02-03T08:02:39","guid":{"rendered":"https:\/\/meranowinefestival.com\/fff\/?post_type=product&#038;p=395"},"modified":"2026-02-17T09:39:42","modified_gmt":"2026-02-17T09:39:42","slug":"kaeseverkostung-1100","status":"publish","type":"product","link":"https:\/\/meranowinefestival.com\/fff\/en\/product\/kaeseverkostung-1100\/","title":{"rendered":"K\u00e4severkostung &#8211; 11:00"},"content":{"rendered":"<p>Erleben Sie den einzigartigen Geschmack ausgew\u00e4hlter K\u00e4sespezialit\u00e4ten vom Bauernhof bei einer gef\u00fchrten Verkostung mit<strong> Hannes Knollseisen.<\/strong><\/p>\n<p>Von cremigem Frischk\u00e4se \u00fcber aromatischen Schnittk\u00e4se bis hin zu w\u00fcrzigem Bergk\u00e4se \u2013 jede Sorte erz\u00e4hlt ihre eigene Geschichte. Die Bauernh\u00f6fe, die unter dem \u201eRoter Hahn\u201c Siegel produzieren, setzen auf traditionelle Herstellungsmethoden, nat\u00fcrliche Reifung und hochwertige Milch. Das Ergebnis: unverf\u00e4lschter Genuss mit Charakter.<\/p>\n","protected":false},"excerpt":{"rendered":"<p>Erleben Sie den einzigartigen Geschmack ausgew\u00e4hlter K\u00e4sespezialit\u00e4ten vom Bauernhof bei einer gef\u00fchrten Verkostung mit Hannes Knollseisen. Von cremigem Frischk\u00e4se \u00fcber aromatischen Schnittk\u00e4se bis hin zu w\u00fcrzigem Bergk\u00e4se \u2013 jede Sorte erz\u00e4hlt ihre eigene Geschichte. Die Bauernh\u00f6fe, die unter dem \u201eRoter Hahn\u201c Siegel produzieren, setzen auf traditionelle Herstellungsmethoden, nat\u00fcrliche Reifung und hochwertige Milch. Das Ergebnis: unverf\u00e4lschter [&hellip;]<\/p>\n","protected":false},"featured_media":152,"template":"","meta":[],"product_brand":[],"product_cat":[35],"product_tag":[],"class_list":{"0":"post-395","1":"product","2":"type-product","3":"status-publish","4":"has-post-thumbnail","6":"product_cat-digital-ticket","8":"first","9":"outofstock","10":"virtual","11":"taxable","12":"purchasable","13":"product-type-simple"},"_links":{"self":[{"href":"https:\/\/meranowinefestival.com\/fff\/en\/wp-json\/wp\/v2\/product\/395","targetHints":{"allow":["GET"]}}],"collection":[{"href":"https:\/\/meranowinefestival.com\/fff\/en\/wp-json\/wp\/v2\/product"}],"about":[{"href":"https:\/\/meranowinefestival.com\/fff\/en\/wp-json\/wp\/v2\/types\/product"}],"wp:featuredmedia":[{"embeddable":true,"href":"https:\/\/meranowinefestival.com\/fff\/en\/wp-json\/wp\/v2\/media\/152"}],"wp:attachment":[{"href":"https:\/\/meranowinefestival.com\/fff\/en\/wp-json\/wp\/v2\/media?parent=395"}],"wp:term":[{"taxonomy":"product_brand","embeddable":true,"href":"https:\/\/meranowinefestival.com\/fff\/en\/wp-json\/wp\/v2\/product_brand?post=395"},{"taxonomy":"product_cat","embeddable":true,"href":"https:\/\/meranowinefestival.com\/fff\/en\/wp-json\/wp\/v2\/product_cat?post=395"},{"taxonomy":"product_tag","embeddable":true,"href":"https:\/\/meranowinefestival.com\/fff\/en\/wp-json\/wp\/v2\/product_tag?post=395"}],"curies":[{"name":"wp","href":"https:\/\/api.w.org\/{rel}","templated":true}]}}