{"id":502,"date":"2023-08-11T13:10:37","date_gmt":"2023-08-11T13:10:37","guid":{"rendered":"https:\/\/meranowinefestival.com\/?page_id=502"},"modified":"2025-07-16T09:34:17","modified_gmt":"2025-07-16T09:34:17","slug":"presseakkreditierung","status":"publish","type":"page","link":"https:\/\/meranowinefestival.com\/de\/presseakkreditierung\/","title":{"rendered":"Presseakkreditierung"},"content":{"rendered":"\n<div class=\"wpcf7 no-js\" id=\"wpcf7-f7035-o1\" lang=\"it-IT\" dir=\"ltr\" data-wpcf7-id=\"7035\">\n<div class=\"screen-reader-response\"><p role=\"status\" aria-live=\"polite\" aria-atomic=\"true\"><\/p> <ul><\/ul><\/div>\n<form action=\"\/de\/wp-json\/wp\/v2\/pages\/502#wpcf7-f7035-o1\" method=\"post\" class=\"wpcf7-form init\" aria-label=\"Modulo di contatto\" enctype=\"multipart\/form-data\" novalidate=\"novalidate\" data-status=\"init\">\n<fieldset class=\"hidden-fields-container\"><input type=\"hidden\" name=\"_wpcf7\" value=\"7035\" \/><input type=\"hidden\" name=\"_wpcf7_version\" value=\"6.1.4\" \/><input type=\"hidden\" name=\"_wpcf7_locale\" value=\"it_IT\" \/><input type=\"hidden\" name=\"_wpcf7_unit_tag\" value=\"wpcf7-f7035-o1\" \/><input type=\"hidden\" name=\"_wpcf7_container_post\" value=\"0\" \/><input type=\"hidden\" name=\"_wpcf7_posted_data_hash\" value=\"\" \/><input type=\"hidden\" name=\"_wpcf7cf_hidden_group_fields\" value=\"[]\" \/><input type=\"hidden\" name=\"_wpcf7cf_hidden_groups\" value=\"[]\" \/><input type=\"hidden\" name=\"_wpcf7cf_visible_groups\" value=\"[]\" \/><input type=\"hidden\" name=\"_wpcf7cf_repeaters\" value=\"[]\" \/><input type=\"hidden\" name=\"_wpcf7cf_steps\" value=\"{}\" \/><input type=\"hidden\" name=\"_wpcf7cf_options\" value=\"{&quot;form_id&quot;:7035,&quot;conditions&quot;:[],&quot;settings&quot;:{&quot;animation&quot;:&quot;yes&quot;,&quot;animation_intime&quot;:200,&quot;animation_outtime&quot;:200,&quot;conditions_ui&quot;:&quot;normal&quot;,&quot;notice_dismissed&quot;:false,&quot;notice_dismissed_rollback-cf7-6.1&quot;:true}}\" \/>\n<\/fieldset>\n<div class=\"accredito-wrapper\">\n\t<h1>Presseakkreditierung\n\t<\/h1>\n\t<div class=\"shadow\">\n\t\t<div class=\"accredito-info-box\">\n\t\t\t<div class=\"accredito_col_1_2\">\n\t\t\t\t<p><label>Name* <span class=\"wpcf7-form-control-wrap\" data-name=\"nome\"><input size=\"40\" maxlength=\"400\" class=\"wpcf7-form-control wpcf7-text wpcf7-validates-as-required\" aria-required=\"true\" aria-invalid=\"false\" value=\"\" type=\"text\" name=\"nome\" \/><\/span><\/label><br \/>\n<label>Nachname* <span class=\"wpcf7-form-control-wrap\" data-name=\"cognome\"><input size=\"40\" maxlength=\"400\" class=\"wpcf7-form-control wpcf7-text wpcf7-validates-as-required\" aria-required=\"true\" aria-invalid=\"false\" value=\"\" type=\"text\" name=\"cognome\" \/><\/span><\/label><br \/>\n<label>Stadt* <span class=\"wpcf7-form-control-wrap\" data-name=\"citta\"><input size=\"40\" maxlength=\"400\" class=\"wpcf7-form-control wpcf7-text wpcf7-validates-as-required\" aria-required=\"true\" aria-invalid=\"false\" value=\"\" type=\"text\" name=\"citta\" \/><\/span><\/label><br \/>\n<label>Provinz (Nur Italien) <span class=\"wpcf7-form-control-wrap\" data-name=\"provincia\"><select class=\"wpcf7-form-control wpcf7-select\" aria-invalid=\"false\" name=\"provincia\"><option value=\"\">&#8212;Seleziona un&#039;opzione&#8212;<\/option><option value=\"Agrigento\">Agrigento<\/option><option value=\"Alessandria\">Alessandria<\/option><option value=\"Ancona\">Ancona<\/option><option value=\"Aosta\">Aosta<\/option><option value=\"Arezzo\">Arezzo<\/option><option value=\"Ascoli Piceno\">Ascoli Piceno<\/option><option value=\"Asti\">Asti<\/option><option value=\"Avellino\">Avellino<\/option><option value=\"Bari\">Bari<\/option><option value=\"Barletta-Andria-Trani\">Barletta-Andria-Trani<\/option><option value=\"Belluno\">Belluno<\/option><option value=\"Benevento\">Benevento<\/option><option value=\"Bergamo\">Bergamo<\/option><option value=\"Biella\">Biella<\/option><option value=\"Bologna\">Bologna<\/option><option value=\"Bozen\">Bozen<\/option><option value=\"Brescia\">Brescia<\/option><option value=\"Brindisi\">Brindisi<\/option><option value=\"Cagliari\">Cagliari<\/option><option value=\"Caltanissetta\">Caltanissetta<\/option><option value=\"Campobasso\">Campobasso<\/option><option value=\"Carbonia-Iglesias\">Carbonia-Iglesias<\/option><option value=\"Caserta\">Caserta<\/option><option value=\"Catania\">Catania<\/option><option value=\"Catanzaro\">Catanzaro<\/option><option value=\"Chieti\">Chieti<\/option><option value=\"Como\">Como<\/option><option value=\"Cosenza\">Cosenza<\/option><option value=\"Cremona\">Cremona<\/option><option value=\"Crotone\">Crotone<\/option><option value=\"Cuneo\">Cuneo<\/option><option value=\"Enna\">Enna<\/option><option value=\"Fermo\">Fermo<\/option><option value=\"Ferrara\">Ferrara<\/option><option value=\"Firenze\">Firenze<\/option><option value=\"Foggia\">Foggia<\/option><option value=\"Forl\u00ec-Cesena\">Forl\u00ec-Cesena<\/option><option value=\"Frosinone\">Frosinone<\/option><option value=\"Genova\">Genova<\/option><option value=\"Gorizia\">Gorizia<\/option><option value=\"Grosseto\">Grosseto<\/option><option value=\"Imperia\">Imperia<\/option><option value=\"Isernia\">Isernia<\/option><option value=\"La Spezia\">La Spezia<\/option><option value=\"L&#039;Aquila\">L&#039;Aquila<\/option><option value=\"Latina\">Latina<\/option><option value=\"Lecce\">Lecce<\/option><option value=\"Lecco\">Lecco<\/option><option value=\"Livorno\">Livorno<\/option><option value=\"Lodi\">Lodi<\/option><option value=\"Lucca\">Lucca<\/option><option value=\"Macerata\">Macerata<\/option><option value=\"Mantova\">Mantova<\/option><option value=\"Massa e Carrara\">Massa e Carrara<\/option><option value=\"Matera\">Matera<\/option><option value=\"Medio Campidano\">Medio Campidano<\/option><option value=\"Messina\">Messina<\/option><option value=\"Milano\">Milano<\/option><option value=\"Modena\">Modena<\/option><option value=\"Monza e Brianza\">Monza e Brianza<\/option><option value=\"Napoli\">Napoli<\/option><option value=\"Novara\">Novara<\/option><option value=\"Nuoro\">Nuoro<\/option><option value=\"Ogliastra\">Ogliastra<\/option><option value=\"Olbia-Tempio\">Olbia-Tempio<\/option><option value=\"Oristano\">Oristano<\/option><option value=\"Padova\">Padova<\/option><option value=\"Palermo\">Palermo<\/option><option value=\"Parma\">Parma<\/option><option value=\"Pavia\">Pavia<\/option><option value=\"Perugia\">Perugia<\/option><option value=\"Pesaro e Urbino\">Pesaro e Urbino<\/option><option value=\"Pescara\">Pescara<\/option><option value=\"Piacenza\">Piacenza<\/option><option value=\"Pisa\">Pisa<\/option><option value=\"Pistoia\">Pistoia<\/option><option value=\"Pordenone\">Pordenone<\/option><option value=\"Potenza\">Potenza<\/option><option value=\"Prato\">Prato<\/option><option value=\"Ragusa\">Ragusa<\/option><option value=\"Ravenna\">Ravenna<\/option><option value=\"Reggio Calabria\">Reggio Calabria<\/option><option value=\"Reggio Emilia\">Reggio Emilia<\/option><option value=\"Rieti\">Rieti<\/option><option value=\"Rimini\">Rimini<\/option><option value=\"Roma\">Roma<\/option><option value=\"Rovigo\">Rovigo<\/option><option value=\"Salerno\">Salerno<\/option><option value=\"Sassari\">Sassari<\/option><option value=\"Savona\">Savona<\/option><option value=\"Siena\">Siena<\/option><option value=\"Siracusa\">Siracusa<\/option><option value=\"Sondrio\">Sondrio<\/option><option value=\"Taranto\">Taranto<\/option><option value=\"Teramo\">Teramo<\/option><option value=\"Terni\">Terni<\/option><option value=\"Tornino\">Tornino<\/option><option value=\"Trapani\">Trapani<\/option><option value=\"Trento\">Trento<\/option><option value=\"Treviso\">Treviso<\/option><option value=\"Trieste\">Trieste<\/option><option value=\"Udine\">Udine<\/option><option value=\"Varese\">Varese<\/option><option value=\"Venezia\">Venezia<\/option><option value=\"Verbano-Cusio-Ossola\">Verbano-Cusio-Ossola<\/option><option value=\"Vercelli\">Vercelli<\/option><option value=\"Verona\">Verona<\/option><option value=\"Vibo Valentia\">Vibo Valentia<\/option><option value=\"Vicenza\">Vicenza<\/option><option value=\"Viterbo\">Viterbo<\/option><option value=\"Andere\">Andere<\/option><\/select><\/span><\/label><br \/>\n<label>Land* <span class=\"wpcf7-form-control-wrap\" data-name=\"nazione\"><input size=\"40\" maxlength=\"400\" class=\"wpcf7-form-control wpcf7-text wpcf7-validates-as-required\" aria-required=\"true\" aria-invalid=\"false\" value=\"\" type=\"text\" name=\"nazione\" \/><\/span><\/label><br \/>\n<label>Mail* <span class=\"wpcf7-form-control-wrap\" data-name=\"your-email\"><input size=\"40\" maxlength=\"400\" class=\"wpcf7-form-control wpcf7-email wpcf7-validates-as-required wpcf7-text wpcf7-validates-as-email\" aria-required=\"true\" aria-invalid=\"false\" value=\"\" type=\"email\" name=\"your-email\" \/><\/span><\/label><br \/>\n<label>Telefonnummer* <span class=\"wpcf7-form-control-wrap\" data-name=\"telefono\"><input size=\"40\" maxlength=\"400\" class=\"wpcf7-form-control wpcf7-tel wpcf7-validates-as-required wpcf7-text wpcf7-validates-as-tel\" aria-required=\"true\" aria-invalid=\"false\" value=\"\" type=\"tel\" name=\"telefono\" \/><\/span><\/label>\n\t\t\t\t<\/p>\n\t\t\t<\/div>\n\t\t\t<div class=\"accredito_col_1_2\">\n\t\t\t\t<p><label>Medium*<\/label><br \/>\n<span class=\"wpcf7-form-control-wrap\" data-name=\"testata\"><span class=\"wpcf7-form-control wpcf7-radio\"><span class=\"wpcf7-list-item first\"><input type=\"radio\" name=\"testata\" value=\"Zeitungen\/Magazine\" \/><span class=\"wpcf7-list-item-label\">Zeitungen\/Magazine<\/span><\/span><span class=\"wpcf7-list-item\"><input type=\"radio\" name=\"testata\" value=\"Web\/Blog\" \/><span class=\"wpcf7-list-item-label\">Web\/Blog<\/span><\/span><span class=\"wpcf7-list-item\"><input type=\"radio\" name=\"testata\" value=\"TV\" \/><span class=\"wpcf7-list-item-label\">TV<\/span><\/span><span class=\"wpcf7-list-item\"><input type=\"radio\" name=\"testata\" value=\"Radio\" \/><span class=\"wpcf7-list-item-label\">Radio<\/span><\/span><span class=\"wpcf7-list-item last\"><input type=\"radio\" name=\"testata\" value=\"Anderes\" \/><span class=\"wpcf7-list-item-label\">Anderes<\/span><\/span><\/span><\/span><br \/>\n<label>Name des Mediums* <span class=\"wpcf7-form-control-wrap\" data-name=\"nome_media\"><input size=\"40\" maxlength=\"400\" class=\"wpcf7-form-control wpcf7-text wpcf7-validates-as-required\" aria-required=\"true\" aria-invalid=\"false\" value=\"\" type=\"text\" name=\"nome_media\" \/><\/span><\/label><br \/>\n<label>Presseausweis ID (f\u00fcr Journalisten) <span class=\"wpcf7-form-control-wrap\" data-name=\"tessera\"><input size=\"40\" maxlength=\"400\" class=\"wpcf7-form-control wpcf7-text\" aria-invalid=\"false\" value=\"\" type=\"text\" name=\"tessera\" \/><\/span><\/label><br \/>\n<label>Ausstellungsdatum (f\u00fcr Journalisten) <span class=\"wpcf7-form-control-wrap\" data-name=\"emissione\"><input size=\"40\" maxlength=\"400\" class=\"wpcf7-form-control wpcf7-text\" aria-invalid=\"false\" value=\"\" type=\"text\" name=\"emissione\" \/><\/span><\/label><br \/>\n<label>Rolle* <span class=\"wpcf7-form-control-wrap\" data-name=\"ruolo\"><input size=\"40\" maxlength=\"400\" class=\"wpcf7-form-control wpcf7-text wpcf7-validates-as-required\" aria-required=\"true\" aria-invalid=\"false\" value=\"\" type=\"text\" name=\"ruolo\" \/><\/span><\/label><br \/>\n<label>Webseite* <span class=\"wpcf7-form-control-wrap\" data-name=\"sito\"><input size=\"40\" maxlength=\"400\" class=\"wpcf7-form-control wpcf7-text wpcf7-validates-as-required\" aria-required=\"true\" aria-invalid=\"false\" value=\"\" type=\"text\" name=\"sito\" \/><\/span><\/label><br \/>\n<label>Art der Ver\u00f6ffentlichung (Post\/Video\/Zeitungsartikel...)* <span class=\"wpcf7-form-control-wrap\" data-name=\"tipo\"><input size=\"40\" maxlength=\"400\" class=\"wpcf7-form-control wpcf7-text wpcf7-validates-as-required\" aria-required=\"true\" aria-invalid=\"false\" value=\"\" type=\"text\" name=\"tipo\" \/><\/span><\/label>\n\t\t\t\t<\/p>\n\t\t\t<\/div>\n\t\t\t<div class=\"richiesta\">\n\t\t\t\t<div class=\"acc-info-border\">\n\t\t\t\t\t<h4 class=\"Standard\" style=\"text-align: center; width: 80%; margin: 0 auto; font-size:19px;\"><br \/>\n<span lang=\"DE\">Wir weisen darauf hin, dass die Presseakkreditierung ausschlie\u00dflich...  Mitarbeitern offizieller Publikationen\/\"Influencern\", vorbehalten ist.<\/span>\n\t\t\t\t\t<\/h4>\n\t\t\t\t\t<p style=\"text-align: center; width: 80%; margin: 0 auto;\">Gem\u00e4\u00df den Regeln kann pro Publikation nur ein Fotograf f\u00fcr <strong>einen einzigen Tag<\/strong> akkreditiert werden!\n\t\t\t\t\t<\/p>\n\t\t\t\t\t<p><strong>Presseakkreditierungsanfrage f\u00fcr:<\/strong><br \/>\n<span class=\"wpcf7-form-control-wrap\" data-name=\"checkbox-it\"><span class=\"wpcf7-form-control wpcf7-checkbox\"><span class=\"wpcf7-list-item first\"><input type=\"checkbox\" name=\"checkbox-it[]\" value=\"7. November TasteTerroir\" \/><span class=\"wpcf7-list-item-label\">7. November TasteTerroir<\/span><\/span><span class=\"wpcf7-list-item\"><input type=\"checkbox\" name=\"checkbox-it[]\" value=\"8. November The Festival\" \/><span class=\"wpcf7-list-item-label\">8. November The Festival<\/span><\/span><span class=\"wpcf7-list-item\"><input type=\"checkbox\" name=\"checkbox-it[]\" value=\"9. November The Festival\" \/><span class=\"wpcf7-list-item-label\">9. November The Festival<\/span><\/span><span class=\"wpcf7-list-item\"><input type=\"checkbox\" name=\"checkbox-it[]\" value=\"10. November The Festival\" \/><span class=\"wpcf7-list-item-label\">10. November The Festival<\/span><\/span><span class=\"wpcf7-list-item last\"><input type=\"checkbox\" name=\"checkbox-it[]\" value=\"11. November Catwalk Champagne\" \/><span class=\"wpcf7-list-item-label\">11. November Catwalk Champagne<\/span><\/span><\/span><\/span><br \/>\n<label>Beitr\u00e4ge aus dem Jahr 2023 oder 2024 im PDF, Word, JPG, ZIP Format (max 8Mb) <strong>bez\u00fcglich des Merano WineFestival<\/strong>* <span class=\"wpcf7-form-control-wrap\" data-name=\"file-350\"><input size=\"40\" class=\"wpcf7-form-control wpcf7-file\" accept=\"audio\/*,video\/*,image\/*\" aria-invalid=\"false\" type=\"file\" name=\"file-350\" \/><\/span><\/label><br \/>\n<i style=\"font-size:14px;\">Wenn Sie zum ersten Mal eine Akkreditierung beantragen und bisher noch keinen Artikel \u00fcber das Merano WineFestival ver\u00f6ffentlicht haben, f\u00fcllen Sie trotzdem das Akkreditierungsformular aus und senden Sie eine E-Mail an frontoffice(at)meranowinefestival.com, in der Sie alle im Formular angeforderten Daten angeben.<\/i><br \/>\n<label>Bezeichnung der Publikation\/Blog\/anderes* <span class=\"wpcf7-form-control-wrap\" data-name=\"indicazione\"><input size=\"40\" maxlength=\"400\" class=\"wpcf7-form-control wpcf7-text wpcf7-validates-as-required\" aria-required=\"true\" aria-invalid=\"false\" value=\"\" type=\"text\" name=\"indicazione\" \/><\/span><\/label><br \/>\n<label>Voraussichtliches Ver\u00f6ffentlichungsdatum eines Artikels \u00fcber das Merano WineFestival* <span class=\"wpcf7-form-control-wrap\" data-name=\"pubblicazione\"><input size=\"40\" maxlength=\"400\" class=\"wpcf7-form-control wpcf7-text wpcf7-validates-as-required\" aria-required=\"true\" aria-invalid=\"false\" value=\"\" type=\"text\" name=\"pubblicazione\" \/><\/span><\/label><br \/>\n<label>Anmerkungen<span class=\"wpcf7-form-control-wrap\" data-name=\"textarea-674\"><textarea cols=\"40\" rows=\"10\" maxlength=\"2000\" class=\"wpcf7-form-control wpcf7-textarea\" aria-invalid=\"false\" name=\"textarea-674\"><\/textarea><\/span><\/label>\n\t\t\t\t\t<\/p>\n\t\t\t\t\t<p><span class=\"wpcf7-form-control-wrap\" data-name=\"acceptance-50\"><span class=\"wpcf7-form-control wpcf7-acceptance\"><span class=\"wpcf7-list-item\"><input type=\"checkbox\" name=\"acceptance-50\" value=\"1\" aria-invalid=\"false\" \/><\/span><\/span><\/span> Ich habe die <a href=\"https:\/\/meranowinefestival.com\/privacy-policy\/\">Datenschutzbestimmungen<\/a> gelesen und akzeptiere sie.\n\t\t\t\t\t<\/p>\n\t\t\t\t\t<p><span class=\"wpcf7-form-control-wrap\" data-name=\"acceptance-51\"><span class=\"wpcf7-form-control wpcf7-acceptance\"><span class=\"wpcf7-list-item\"><input type=\"checkbox\" name=\"acceptance-51\" value=\"1\" aria-invalid=\"false\" \/><\/span><\/span><\/span> Ich habe die <a href=\"https:\/\/meranowinefestival.com\/criteri-richiesta-accredito\/\">Akkreditierungskriterien<\/a> gelesen und akzeptiere sie.\n\t\t\t\t\t<\/p>\n\t\t\t\t\n\t\t\t\t\t<p><input class=\"wpcf7-form-control wpcf7-submit has-spinner\" type=\"submit\" value=\"Absenden\" \/>\n\t\t\t\t\t<\/p>\n\t\t\t\t<\/div>\n\t\t\t<\/div>\n\t\t<\/div>\n\t<\/div>\n<\/div><div class=\"wpcf7-response-output\" aria-hidden=\"true\"><\/div>\n<\/form>\n<\/div>\n\n","protected":false},"excerpt":{"rendered":"","protected":false},"author":1,"featured_media":0,"parent":0,"menu_order":0,"comment_status":"closed","ping_status":"closed","template":"page-templates\/closedAccredito.php","meta":{"footnotes":""},"class_list":["post-502","page","type-page","status-publish","hentry"],"acf":[],"_links":{"self":[{"href":"https:\/\/meranowinefestival.com\/de\/wp-json\/wp\/v2\/pages\/502","targetHints":{"allow":["GET"]}}],"collection":[{"href":"https:\/\/meranowinefestival.com\/de\/wp-json\/wp\/v2\/pages"}],"about":[{"href":"https:\/\/meranowinefestival.com\/de\/wp-json\/wp\/v2\/types\/page"}],"author":[{"embeddable":true,"href":"https:\/\/meranowinefestival.com\/de\/wp-json\/wp\/v2\/users\/1"}],"replies":[{"embeddable":true,"href":"https:\/\/meranowinefestival.com\/de\/wp-json\/wp\/v2\/comments?post=502"}],"version-history":[{"count":5,"href":"https:\/\/meranowinefestival.com\/de\/wp-json\/wp\/v2\/pages\/502\/revisions"}],"predecessor-version":[{"id":7039,"href":"https:\/\/meranowinefestival.com\/de\/wp-json\/wp\/v2\/pages\/502\/revisions\/7039"}],"wp:attachment":[{"href":"https:\/\/meranowinefestival.com\/de\/wp-json\/wp\/v2\/media?parent=502"}],"curies":[{"name":"wp","href":"https:\/\/api.w.org\/{rel}","templated":true}]}}